{"id":217,"date":"2020-02-25T19:13:38","date_gmt":"2020-02-25T19:13:38","guid":{"rendered":"http:\/\/ircae.ca\/?page_id=217\/"},"modified":"2025-02-10T00:33:33","modified_gmt":"2025-02-10T00:33:33","slug":"crawling-insect-control","status":"publish","type":"page","link":"https:\/\/ircae.ca\/en\/crawling-insect-control\/","title":{"rendered":"CRAWLING INSECT CONTROL"},"content":{"rendered":"<div id=\"dslc-content\" class=\"dslc-content dslc-clearfix\"><div id=\"dslc-main\">\r\n\t\t<div  class=\"dslc-modules-section  dslc-full \" style=\"margin-bottom:40px;padding-bottom:0px;padding-top:0px;\" data-section-id=\"53123616d33\">\r\n\t\t\t\t\r\n\t\t\t\t\r\n\t\t\t\t<div class=\"dslc-modules-section-wrapper dslc-clearfix\"><div class=\"dslc-modules-area dslc-col dslc-12-col dslc-last-col dslc-valign- \" data-size=\"12\" data-valign=\"\">\n\t\t<div id=\"dslc-module-678ca56f9c6\" class=\"dslc-module-front dslc-module-DSLC_Image dslc-in-viewport-check dslc-in-viewport-anim-none  dslc-col dslc-12-col dslc-last-col  dslc-module-handle-like-regular \" data-module-id=\"678ca56f9c6\" data-module=\"DSLC_Image\" data-dslc-module-size=\"12\" data-dslc-anim=\"none\" data-dslc-anim-delay=\"\" data-dslc-anim-duration=\"650\"  data-dslc-anim-easing=\"ease\" data-dslc-preset=\"none\" >\n\n\t\t\t\n\t\t\t\n\t\t\t\t<div class=\"dslc-image-container\">\r\n\t\t<div class=\"dslc-image\">\r\n\r\n\t\t\t\r\n\t\t\t\t\r\n\t\t\t\t\t\t\t\t\t<img src=\"https:\/\/ircae.ca\/wp-content\/uploads\/2020\/04\/big_banner_winterizing.jpg\" alt=\"\" title=\"\" srcset=\"https:\/\/ircae.ca\/wp-content\/uploads\/2020\/04\/big_banner_winterizing.jpg 1920w, https:\/\/ircae.ca\/wp-content\/uploads\/2020\/04\/big_banner_winterizing-300x78.jpg 300w, https:\/\/ircae.ca\/wp-content\/uploads\/2020\/04\/big_banner_winterizing-768x200.jpg 768w, https:\/\/ircae.ca\/wp-content\/uploads\/2020\/04\/big_banner_winterizing-1024x267.jpg 1024w, https:\/\/ircae.ca\/wp-content\/uploads\/2020\/04\/big_banner_winterizing-680x177.jpg 680w, https:\/\/ircae.ca\/wp-content\/uploads\/2020\/04\/big_banner_winterizing-540x141.jpg 540w\" sizes=\"(max-width: 1920px) 100vw, 1920px\" \/>\r\n\t\t\t\t\r\n\t\t\t\t\t\t\t\t\t<\/div><!-- .dslc-image -->\r\n\t\t<\/div>\r\n\t\t\n\t\t\t\t<\/div><!-- .dslc-module -->\n\t\t<\/div><\/div><\/div>\r\n\t\t<div  class=\"dslc-modules-section \" style=\"margin-bottom:40px;padding-bottom:0px;padding-top:0px;\" data-section-id=\"45a2b0756dc\">\r\n\t\t\t\t\r\n\t\t\t\t\r\n\t\t\t\t<div class=\"dslc-modules-section-wrapper dslc-clearfix\"><div class=\"dslc-modules-area dslc-col dslc-12-col dslc-last-col dslc-valign- \" data-size=\"12\" data-valign=\"\">\n\t\t<div id=\"dslc-module-c090f312fbb\" class=\"dslc-module-front dslc-module-DSLC_Text_Simple dslc-in-viewport-check dslc-in-viewport-anim-none  dslc-col dslc-12-col dslc-last-col  dslc-module-handle-like-regular \" data-module-id=\"c090f312fbb\" data-module=\"DSLC_Text_Simple\" data-dslc-module-size=\"12\" data-dslc-anim=\"none\" data-dslc-anim-delay=\"\" data-dslc-anim-duration=\"650\"  data-dslc-anim-easing=\"ease\" data-dslc-preset=\"none\" >\n\n\t\t\t\n\t\t\t\n\t\t\r\n\t\t<div class=\"dslc-text-module-content\">\r\n\t\t\t<h1>CRAWLING INSECTS<\/h1>\t\t<\/div>\r\n\r\n\t\t\n\t\t\t\t<\/div><!-- .dslc-module -->\n\t\t<\/div><div class=\"dslc-modules-area dslc-col dslc-3-col dslc-first-col dslc-valign- \" data-size=\"3\" data-valign=\"\">\n\t\t<div id=\"dslc-module-f64ce9719f3\" class=\"dslc-module-front dslc-module-DSLC_Image dslc-in-viewport-check dslc-in-viewport-anim-none  dslc-col dslc-12-col dslc-last-col  dslc-module-handle-like-regular \" data-module-id=\"f64ce9719f3\" data-module=\"DSLC_Image\" data-dslc-module-size=\"12\" data-dslc-anim=\"none\" data-dslc-anim-delay=\"\" data-dslc-anim-duration=\"650\"  data-dslc-anim-easing=\"ease\" data-dslc-preset=\"none\" >\n\n\t\t\t\n\t\t\t\n\t\t\t\t<div class=\"dslc-image-container\">\r\n\t\t<div class=\"dslc-image\">\r\n\r\n\t\t\t\r\n\t\t\t\t\r\n\t\t\t\t\t\t\t\t\t<img src=\"https:\/\/ircae.ca\/wp-content\/uploads\/2020\/02\/AIRMILES_NOTAG_RGB.jpg\" alt=\"\" title=\"\" srcset=\"https:\/\/ircae.ca\/wp-content\/uploads\/2020\/02\/AIRMILES_NOTAG_RGB.jpg 600w, https:\/\/ircae.ca\/wp-content\/uploads\/2020\/02\/AIRMILES_NOTAG_RGB-150x150.jpg 150w, https:\/\/ircae.ca\/wp-content\/uploads\/2020\/02\/AIRMILES_NOTAG_RGB-300x300.jpg 300w, https:\/\/ircae.ca\/wp-content\/uploads\/2020\/02\/AIRMILES_NOTAG_RGB-540x540.jpg 540w\" sizes=\"(max-width: 600px) 100vw, 600px\" \/>\r\n\t\t\t\t\r\n\t\t\t\t\t\t\t\t\t<\/div><!-- .dslc-image -->\r\n\t\t<\/div>\r\n\t\t\n\t\t\t\t<\/div><!-- .dslc-module -->\n\t\t<\/div><div class=\"dslc-modules-area dslc-col dslc-3-col  dslc-valign- \" data-size=\"3\" data-valign=\"\">\n\t\t<div id=\"dslc-module-e043dd8c6ef\" class=\"dslc-module-front dslc-module-DSLC_Text_Simple dslc-in-viewport-check dslc-in-viewport-anim-none  dslc-col dslc-12-col dslc-last-col  dslc-module-handle-like-regular \" data-module-id=\"e043dd8c6ef\" data-module=\"DSLC_Text_Simple\" data-dslc-module-size=\"12\" data-dslc-anim=\"none\" data-dslc-anim-delay=\"\" data-dslc-anim-duration=\"650\"  data-dslc-anim-easing=\"ease\" data-dslc-preset=\"none\" >\n\n\t\t\t\n\t\t\t\n\t\t\r\n\t\t<div class=\"dslc-text-module-content\">\r\n\t\t\t<h2 style=\"text-align: right;\">Get<\/h2>\t\t<\/div>\r\n\r\n\t\t\n\t\t\t\t<\/div><!-- .dslc-module -->\n\t\t<\/div><div class=\"dslc-modules-area dslc-col dslc-3-col  dslc-valign- \" data-size=\"3\" data-valign=\"\">\n\t\t<div id=\"dslc-module-c1e2d7f3ceb\" class=\"dslc-module-front dslc-module-DSLC_Text_Simple dslc-in-viewport-check dslc-in-viewport-anim-none  dslc-col dslc-12-col dslc-last-col  dslc-module-handle-like-regular \" data-module-id=\"c1e2d7f3ceb\" data-module=\"DSLC_Text_Simple\" data-dslc-module-size=\"12\" data-dslc-anim=\"none\" data-dslc-anim-delay=\"\" data-dslc-anim-duration=\"650\"  data-dslc-anim-easing=\"ease\" data-dslc-preset=\"none\" >\n\n\t\t\t\n\t\t\t\n\t\t\r\n\t\t<div class=\"dslc-text-module-content\">\r\n\t\t\t<h2 style=\"text-align: center;\">30 Miles<\/h2>\t\t<\/div>\r\n\r\n\t\t\n\t\t\t\t<\/div><!-- .dslc-module -->\n\t\t<\/div><div class=\"dslc-modules-area dslc-col dslc-12-col dslc-first-col dslc-valign- \" data-size=\"12\" data-valign=\"\">\n\t\t<div id=\"dslc-module-b42241bd2bd\" class=\"dslc-module-front dslc-module-DSLC_Text_Simple dslc-in-viewport-check dslc-in-viewport-anim-none  dslc-col dslc-12-col dslc-last-col  dslc-module-handle-like-regular \" data-module-id=\"b42241bd2bd\" data-module=\"DSLC_Text_Simple\" data-dslc-module-size=\"12\" data-dslc-anim=\"none\" data-dslc-anim-delay=\"\" data-dslc-anim-duration=\"650\"  data-dslc-anim-easing=\"ease\" data-dslc-preset=\"none\" >\n\n\t\t\t\n\t\t\t\n\t\t\r\n\t\t<div class=\"dslc-text-module-content\">\r\n\t\t\t<h4 style=\"text-align: right;\"><em>Conditions may apply.<\/em><\/h4>\t\t<\/div>\r\n\r\n\t\t\n\t\t\t\t<\/div><!-- .dslc-module -->\n\t\t<\/div><\/div><\/div>\r\n\t\t<div  class=\"dslc-modules-section \" style=\"margin-bottom:20px;padding-bottom:40px;padding-top:40px;padding-left:10%;padding-right:10%;\" data-section-id=\"759d7412c15\">\r\n\t\t\t\t\r\n\t\t\t\t\r\n\t\t\t\t<div class=\"dslc-modules-section-wrapper dslc-clearfix\"><div class=\"dslc-modules-area dslc-col dslc-12-col dslc-last-col dslc-valign- \" data-size=\"12\" data-valign=\"\">\n\t\t<div id=\"dslc-module-d40272daa53\" class=\"dslc-module-front dslc-module-DSLC_Separator dslc-in-viewport-check dslc-in-viewport-anim-none  dslc-col dslc-12-col dslc-last-col  dslc-module-handle-like-regular \" data-module-id=\"d40272daa53\" data-module=\"DSLC_Separator\" data-dslc-module-size=\"12\" data-dslc-anim=\"none\" data-dslc-anim-delay=\"\" data-dslc-anim-duration=\"650\"  data-dslc-anim-easing=\"ease\" data-dslc-preset=\"none\" >\n\n\t\t\t\n\t\t\t\n\t\t\t\t\t<div class=\"dslc-separator-wrapper\">\r\n\t\t\t\t<div class=\"dslc-separator dslc-separator-style-solid\">\r\n\t\t\t\t\t\t\t\t\t<\/div>\r\n\t\t\t\t<div><\/div>\r\n\t\t\t<\/div><!-- .dslc-separator-wrapper -->\r\n\t\t\t\n\t\t\t\t<\/div><!-- .dslc-module -->\n\t\t<\/div><\/div><\/div>\r\n\t\t<div  class=\"dslc-modules-section \" style=\"margin-bottom:60px;padding-bottom:0px;padding-top:0px;\" data-section-id=\"7832968ca0e\">\r\n\t\t\t\t\r\n\t\t\t\t\r\n\t\t\t\t<div class=\"dslc-modules-section-wrapper dslc-clearfix\"><div class=\"dslc-modules-area dslc-col dslc-3-col dslc-first-col dslc-valign- \" data-size=\"3\" data-valign=\"\">\n\t\t<div id=\"dslc-module-db77589ef96\" class=\"dslc-module-front dslc-module-DSLC_Image dslc-in-viewport-check dslc-in-viewport-anim-none  dslc-col dslc-12-col dslc-last-col  dslc-module-handle-like-regular \" data-module-id=\"db77589ef96\" data-module=\"DSLC_Image\" data-dslc-module-size=\"12\" data-dslc-anim=\"none\" data-dslc-anim-delay=\"\" data-dslc-anim-duration=\"650\"  data-dslc-anim-easing=\"ease\" data-dslc-preset=\"none\" >\n\n\t\t\t\n\t\t\t\n\t\t\t\t<div class=\"dslc-image-container\">\r\n\t\t<div class=\"dslc-image\">\r\n\r\n\t\t\t\r\n\t\t\t\t\r\n\t\t\t\t\t\t\t\t\t<img src=\"https:\/\/ircae.ca\/wp-content\/uploads\/2020\/04\/pavement_ants.jpg\" alt=\"\" title=\"\" srcset=\"https:\/\/ircae.ca\/wp-content\/uploads\/2020\/04\/pavement_ants.jpg 273w, https:\/\/ircae.ca\/wp-content\/uploads\/2020\/04\/pavement_ants-150x150.jpg 150w\" sizes=\"(max-width: 273px) 100vw, 273px\" \/>\r\n\t\t\t\t\r\n\t\t\t\t\t\t\t\t\t<\/div><!-- .dslc-image -->\r\n\t\t<\/div>\r\n\t\t\n\t\t\t\t<\/div><!-- .dslc-module -->\n\t\t<\/div><div class=\"dslc-modules-area dslc-col dslc-9-col dslc-last-col dslc-valign- \" data-size=\"9\" data-valign=\"\">\n\t\t<div id=\"dslc-module-00d503o2i0o\" class=\"dslc-module-front dslc-module-DSLC_Text_Simple dslc-in-viewport-check dslc-in-viewport-anim-none  dslc-col dslc-12-col dslc-last-col  dslc-module-handle-like-regular \" data-module-id=\"00d503o2i0o\" data-module=\"DSLC_Text_Simple\" data-dslc-module-size=\"12\" data-dslc-anim=\"none\" data-dslc-anim-delay=\"\" data-dslc-anim-duration=\"650\"  data-dslc-anim-easing=\"ease\" data-dslc-preset=\"none\" >\n\n\t\t\t\n\t\t\t\n\t\t\r\n\t\t<div class=\"dslc-text-module-content\">\r\n\t\t\t<p>One (1) treatment that will help reduce the presence of pavement ants, earwigs, sow bugs and other crawling insects! The treatment is done by applying liquid around the foundation of your home and applying a granular bait on your lawn.<\/p><p>\u00a0<\/p>\t\t<\/div>\r\n\r\n\t\t\n\t\t\t\t<\/div><!-- .dslc-module -->\n\t\t<\/div><\/div><\/div><\/div><\/div>","protected":false},"excerpt":{"rendered":"<p>CRAWLING INSECTS Get 30 Miles Conditions may apply. One (1) treatment that will help reduce the presence of pavement ants, earwigs, sow bugs and other crawling insects! The treatment is&nbsp;[&hellip;]<\/p>\n","protected":false},"author":1,"featured_media":0,"parent":0,"menu_order":0,"comment_status":"closed","ping_status":"closed","template":"page-templates\/page_builder.php","meta":{"footnotes":""},"yoast_head":"<!-- This site is optimized with the Yoast SEO plugin v20.11 - https:\/\/yoast.com\/wordpress\/plugins\/seo\/ -->\n<title>CRAWLING INSECT CONTROL - IRCAE Institut R\u00e9gional de Contr\u00f4l Antiparasitaire et d&#039;Extermination<\/title>\n<meta name=\"robots\" content=\"index, follow, max-snippet:-1, max-image-preview:large, max-video-preview:-1\" \/>\n<link rel=\"canonical\" href=\"https:\/\/ircae.ca\/en\/crawling-insect-control\/\" \/>\n<meta property=\"og:locale\" content=\"en_US\" \/>\n<meta property=\"og:type\" content=\"article\" \/>\n<meta property=\"og:title\" content=\"CRAWLING INSECT CONTROL - IRCAE Institut R\u00e9gional de Contr\u00f4l Antiparasitaire et d&#039;Extermination\" \/>\n<meta property=\"og:description\" content=\"CRAWLING INSECTS Get 30 Miles Conditions may apply. One (1) treatment that will help reduce the presence of pavement ants, earwigs, sow bugs and other crawling insects! The treatment is&nbsp;[&hellip;]\" \/>\n<meta property=\"og:url\" content=\"https:\/\/ircae.ca\/en\/crawling-insect-control\/\" \/>\n<meta property=\"og:site_name\" content=\"IRCAE Institut R\u00e9gional de Contr\u00f4l Antiparasitaire et d&#039;Extermination\" \/>\n<meta property=\"article:modified_time\" content=\"2025-02-10T00:33:33+00:00\" \/>\n<meta name=\"twitter:card\" content=\"summary_large_image\" \/>\n<script type=\"application\/ld+json\" class=\"yoast-schema-graph\">{\"@context\":\"https:\/\/schema.org\",\"@graph\":[{\"@type\":\"WebPage\",\"@id\":\"https:\/\/ircae.ca\/en\/crawling-insect-control\/\",\"url\":\"https:\/\/ircae.ca\/en\/crawling-insect-control\/\",\"name\":\"CRAWLING INSECT CONTROL - IRCAE Institut R\u00e9gional de Contr\u00f4l Antiparasitaire et d&#039;Extermination\",\"isPartOf\":{\"@id\":\"https:\/\/ircae.ca\/en\/#website\"},\"datePublished\":\"2020-02-25T19:13:38+00:00\",\"dateModified\":\"2025-02-10T00:33:33+00:00\",\"breadcrumb\":{\"@id\":\"https:\/\/ircae.ca\/en\/crawling-insect-control\/#breadcrumb\"},\"inLanguage\":\"en-US\",\"potentialAction\":[{\"@type\":\"ReadAction\",\"target\":[\"https:\/\/ircae.ca\/en\/crawling-insect-control\/\"]}]},{\"@type\":\"BreadcrumbList\",\"@id\":\"https:\/\/ircae.ca\/en\/crawling-insect-control\/#breadcrumb\",\"itemListElement\":[{\"@type\":\"ListItem\",\"position\":1,\"name\":\"Home\",\"item\":\"https:\/\/ircae.ca\/en\/\"},{\"@type\":\"ListItem\",\"position\":2,\"name\":\"CRAWLING INSECT CONTROL\"}]},{\"@type\":\"WebSite\",\"@id\":\"https:\/\/ircae.ca\/en\/#website\",\"url\":\"https:\/\/ircae.ca\/en\/\",\"name\":\"IRCAE Institut R\u00e9gional de Contr\u00f4l Antiparasitaire et d&#039;Extermination\",\"description\":\"IRCAE Institut R\u00e9gional de Contr\u00f4l Antiparasitaire et d&#039;Extermination\",\"publisher\":{\"@id\":\"https:\/\/ircae.ca\/en\/#organization\"},\"potentialAction\":[{\"@type\":\"SearchAction\",\"target\":{\"@type\":\"EntryPoint\",\"urlTemplate\":\"https:\/\/ircae.ca\/en\/?s={search_term_string}\"},\"query-input\":\"required name=search_term_string\"}],\"inLanguage\":\"en-US\"},{\"@type\":\"Organization\",\"@id\":\"https:\/\/ircae.ca\/en\/#organization\",\"name\":\"IRCAE Institut R\u00e9gional de Contr\u00f4l Antiparasitaire et d&#039;Extermination\",\"url\":\"https:\/\/ircae.ca\/en\/\",\"logo\":{\"@type\":\"ImageObject\",\"inLanguage\":\"en-US\",\"@id\":\"https:\/\/ircae.ca\/en\/#\/schema\/logo\/image\/\",\"url\":\"https:\/\/ircae.ca\/wp-content\/uploads\/2017\/04\/top_logo.jpg\",\"contentUrl\":\"https:\/\/ircae.ca\/wp-content\/uploads\/2017\/04\/top_logo.jpg\",\"width\":400,\"height\":150,\"caption\":\"IRCAE Institut R\u00e9gional de Contr\u00f4l Antiparasitaire et d&#039;Extermination\"},\"image\":{\"@id\":\"https:\/\/ircae.ca\/en\/#\/schema\/logo\/image\/\"}}]}<\/script>\n<!-- \/ Yoast SEO plugin. -->","yoast_head_json":{"title":"CRAWLING INSECT CONTROL - IRCAE Institut R\u00e9gional de Contr\u00f4l Antiparasitaire et d&#039;Extermination","robots":{"index":"index","follow":"follow","max-snippet":"max-snippet:-1","max-image-preview":"max-image-preview:large","max-video-preview":"max-video-preview:-1"},"canonical":"https:\/\/ircae.ca\/en\/crawling-insect-control\/","og_locale":"en_US","og_type":"article","og_title":"CRAWLING INSECT CONTROL - IRCAE Institut R\u00e9gional de Contr\u00f4l Antiparasitaire et d&#039;Extermination","og_description":"CRAWLING INSECTS Get 30 Miles Conditions may apply. One (1) treatment that will help reduce the presence of pavement ants, earwigs, sow bugs and other crawling insects! The treatment is&nbsp;[&hellip;]","og_url":"https:\/\/ircae.ca\/en\/crawling-insect-control\/","og_site_name":"IRCAE Institut R\u00e9gional de Contr\u00f4l Antiparasitaire et d&#039;Extermination","article_modified_time":"2025-02-10T00:33:33+00:00","twitter_card":"summary_large_image","schema":{"@context":"https:\/\/schema.org","@graph":[{"@type":"WebPage","@id":"https:\/\/ircae.ca\/en\/crawling-insect-control\/","url":"https:\/\/ircae.ca\/en\/crawling-insect-control\/","name":"CRAWLING INSECT CONTROL - IRCAE Institut R\u00e9gional de Contr\u00f4l Antiparasitaire et d&#039;Extermination","isPartOf":{"@id":"https:\/\/ircae.ca\/en\/#website"},"datePublished":"2020-02-25T19:13:38+00:00","dateModified":"2025-02-10T00:33:33+00:00","breadcrumb":{"@id":"https:\/\/ircae.ca\/en\/crawling-insect-control\/#breadcrumb"},"inLanguage":"en-US","potentialAction":[{"@type":"ReadAction","target":["https:\/\/ircae.ca\/en\/crawling-insect-control\/"]}]},{"@type":"BreadcrumbList","@id":"https:\/\/ircae.ca\/en\/crawling-insect-control\/#breadcrumb","itemListElement":[{"@type":"ListItem","position":1,"name":"Home","item":"https:\/\/ircae.ca\/en\/"},{"@type":"ListItem","position":2,"name":"CRAWLING INSECT CONTROL"}]},{"@type":"WebSite","@id":"https:\/\/ircae.ca\/en\/#website","url":"https:\/\/ircae.ca\/en\/","name":"IRCAE Institut R\u00e9gional de Contr\u00f4l Antiparasitaire et d&#039;Extermination","description":"IRCAE Institut R\u00e9gional de Contr\u00f4l Antiparasitaire et d&#039;Extermination","publisher":{"@id":"https:\/\/ircae.ca\/en\/#organization"},"potentialAction":[{"@type":"SearchAction","target":{"@type":"EntryPoint","urlTemplate":"https:\/\/ircae.ca\/en\/?s={search_term_string}"},"query-input":"required name=search_term_string"}],"inLanguage":"en-US"},{"@type":"Organization","@id":"https:\/\/ircae.ca\/en\/#organization","name":"IRCAE Institut R\u00e9gional de Contr\u00f4l Antiparasitaire et d&#039;Extermination","url":"https:\/\/ircae.ca\/en\/","logo":{"@type":"ImageObject","inLanguage":"en-US","@id":"https:\/\/ircae.ca\/en\/#\/schema\/logo\/image\/","url":"https:\/\/ircae.ca\/wp-content\/uploads\/2017\/04\/top_logo.jpg","contentUrl":"https:\/\/ircae.ca\/wp-content\/uploads\/2017\/04\/top_logo.jpg","width":400,"height":150,"caption":"IRCAE Institut R\u00e9gional de Contr\u00f4l Antiparasitaire et d&#039;Extermination"},"image":{"@id":"https:\/\/ircae.ca\/en\/#\/schema\/logo\/image\/"}}]}},"_links":{"self":[{"href":"https:\/\/ircae.ca\/en\/wp-json\/wp\/v2\/pages\/217"}],"collection":[{"href":"https:\/\/ircae.ca\/en\/wp-json\/wp\/v2\/pages"}],"about":[{"href":"https:\/\/ircae.ca\/en\/wp-json\/wp\/v2\/types\/page"}],"author":[{"embeddable":true,"href":"https:\/\/ircae.ca\/en\/wp-json\/wp\/v2\/users\/1"}],"replies":[{"embeddable":true,"href":"https:\/\/ircae.ca\/en\/wp-json\/wp\/v2\/comments?post=217"}],"version-history":[{"count":1,"href":"https:\/\/ircae.ca\/en\/wp-json\/wp\/v2\/pages\/217\/revisions"}],"predecessor-version":[{"id":218,"href":"https:\/\/ircae.ca\/en\/wp-json\/wp\/v2\/pages\/217\/revisions\/218"}],"wp:attachment":[{"href":"https:\/\/ircae.ca\/en\/wp-json\/wp\/v2\/media?parent=217"}],"curies":[{"name":"wp","href":"https:\/\/api.w.org\/{rel}","templated":true}]}}